{"id":940,"date":"2025-11-24T13:31:00","date_gmt":"2025-11-24T13:31:00","guid":{"rendered":"https:\/\/scala.cydonia.swiss\/?page_id=940"},"modified":"2026-04-13T08:15:07","modified_gmt":"2026-04-13T08:15:07","slug":"contact","status":"publish","type":"page","link":"https:\/\/scala.cydonia.swiss\/ch-de\/contact\/","title":{"rendered":"Kontakt"},"content":{"rendered":"<div data-elementor-type=\"wp-page\" data-elementor-id=\"940\" class=\"elementor elementor-940\" data-elementor-post-type=\"page\">\n\t\t\t\t<div class=\"elementor-element elementor-element-608aa29 gwidth e-flex e-con-boxed e-con e-parent\" data-id=\"608aa29\" data-element_type=\"container\" data-settings=\"{&quot;background_background&quot;:&quot;classic&quot;}\">\n\t\t\t\t\t<div class=\"e-con-inner\">\n\t\t\t\t<div class=\"elementor-element elementor-element-4181034 heading2 f300 black upc elementor-widget elementor-widget-heading\" data-id=\"4181034\" data-element_type=\"widget\" data-widget_type=\"heading.default\">\n\t\t\t\t\t<h2 class=\"elementor-heading-title elementor-size-default\">Kontaktieren Sie uns<\/h2>\t\t\t\t<\/div>\n\t\t\t\t\t<\/div>\n\t\t\t\t<\/div>\n\t\t<div class=\"elementor-element elementor-element-ab5d667 gwidth e-flex e-con-boxed e-con e-parent\" data-id=\"ab5d667\" data-element_type=\"container\" data-settings=\"{&quot;background_background&quot;:&quot;classic&quot;}\">\n\t\t\t\t\t<div class=\"e-con-inner\">\n\t\t<div class=\"elementor-element elementor-element-3f36756 e-con-full e-flex e-con e-child\" data-id=\"3f36756\" data-element_type=\"container\">\n\t\t\t\t<div class=\"elementor-element elementor-element-708fea2 elementor-widget elementor-widget-image\" data-id=\"708fea2\" data-element_type=\"widget\" data-widget_type=\"image.default\">\n\t\t\t\t\t\t\t\t\t\t\t\t\t\t\t<img fetchpriority=\"high\" decoding=\"async\" width=\"546\" height=\"627\" src=\"https:\/\/scala.cydonia.swiss\/wp-content\/uploads\/2026\/02\/Rectangle-40687.png\" class=\"attachment-large size-large wp-image-2537\" alt=\"\" srcset=\"https:\/\/scala.cydonia.swiss\/wp-content\/uploads\/2026\/02\/Rectangle-40687.png 546w, https:\/\/scala.cydonia.swiss\/wp-content\/uploads\/2026\/02\/Rectangle-40687-261x300.png 261w, https:\/\/scala.cydonia.swiss\/wp-content\/uploads\/2026\/02\/Rectangle-40687-10x12.png 10w\" sizes=\"(max-width: 546px) 100vw, 546px\" \/>\t\t\t\t\t\t\t\t\t\t\t\t\t\t\t<\/div>\n\t\t\t\t<\/div>\n\t\t<div class=\"elementor-element elementor-element-c0fd36e e-con-full e-flex e-con e-child\" data-id=\"c0fd36e\" data-element_type=\"container\">\n\t\t<div class=\"elementor-element elementor-element-4b1ac7c e-con-full e-flex e-con e-child\" data-id=\"4b1ac7c\" data-element_type=\"container\">\n\t\t<div class=\"elementor-element elementor-element-bf3a593 e-con-full e-flex e-con e-child\" data-id=\"bf3a593\" data-element_type=\"container\">\n\t\t\t\t<div class=\"elementor-element elementor-element-8212be7 heading upc f400 black elementor-widget elementor-widget-heading\" data-id=\"8212be7\" data-element_type=\"widget\" data-widget_type=\"heading.default\">\n\t\t\t\t\t<h2 class=\"elementor-heading-title elementor-size-default\">GERAMA<\/h2>\t\t\t\t<\/div>\n\t\t\t\t<div class=\"elementor-element elementor-element-e54d3d8 txt f400 black elementor-widget elementor-widget-text-editor\" data-id=\"e54d3d8\" data-element_type=\"widget\" data-widget_type=\"text-editor.default\">\n\t\t\t\t\t\t\t\t\t<p>Verwaltung<\/p>\t\t\t\t\t\t\t\t<\/div>\n\t\t\t\t<div class=\"elementor-element elementor-element-c260e4d txt f300 black elementor-widget elementor-widget-text-editor\" data-id=\"c260e4d\" data-element_type=\"widget\" data-widget_type=\"text-editor.default\">\n\t\t\t\t\t\t\t\t\t<p style=\"text-align: left;\"><span style=\"text-decoration: underline;\"><em>Anfragen zur Anmietung \u00fcber dieses Formular werden nicht ber\u00fccksichtigt. Wenn Sie eine Mietanfrage stellen m\u00f6chten, besuchen Sie bitte direkt <a href=\"https:\/\/scala.cydonia.swiss\/ch-de\/3d\/\">diese Seite<\/a><\/em><\/span><\/p><p>Gerama Immobilier Fribourg<br \/>Place de la Gare 5<br \/>1700 Fribourg<br \/>026 351 15 40<\/p>\t\t\t\t\t\t\t\t<\/div>\n\t\t\t\t<\/div>\n\t\t\t\t<\/div>\n\t\t\t\t<\/div>\n\t\t<div class=\"elementor-element elementor-element-e20f043 e-con-full e-flex e-con e-child\" data-id=\"e20f043\" data-element_type=\"container\">\n\t\t\t\t<div class=\"elementor-element elementor-element-5b5cfa8 elementor-widget elementor-widget-shortcode\" data-id=\"5b5cfa8\" data-element_type=\"widget\" data-widget_type=\"shortcode.default\">\n\t\t\t\t\t\t\t<div class=\"elementor-shortcode\"><div class=\"forminator-ui forminator-custom-form forminator-custom-form-965 forminator-design--material  forminator_ajax\" data-forminator-render=\"0\" data-form=\"forminator-module-965\" data-uid=\"69fb47040d97d\"><br\/><\/div><form\n\t\t\t\tid=\"forminator-module-965\"\n\t\t\t\tclass=\"forminator-ui forminator-custom-form forminator-custom-form-965 forminator-design--material  forminator_ajax\"\n\t\t\t\tmethod=\"post\"\n\t\t\t\tdata-forminator-render=\"0\"\n\t\t\t\tdata-form-id=\"965\"\n\t\t\t\t data-color-option=\"theme\" data-design=\"material\" data-grid=\"open\" style=\"display: none;\"\n\t\t\t\tdata-uid=\"69fb47040d97d\" action=\"\"\n\t\t\t><div role=\"alert\" aria-live=\"polite\" class=\"forminator-response-message forminator-error\" aria-hidden=\"true\"><\/div><div class=\"forminator-row\"><div id=\"name-1\" class=\"forminator-field-name forminator-col forminator-col-6  btn\"><div class=\"forminator-field\"><label for=\"forminator-field-name-1_69fb47040d97d\" id=\"forminator-field-name-1_69fb47040d97d-label\" class=\"forminator-label\">Name <span class=\"forminator-required\">*<\/span><\/label><input type=\"text\" name=\"name-1\" value=\"\" placeholder=\"Name\" id=\"forminator-field-name-1_69fb47040d97d\" class=\"forminator-input forminator-name--field\" aria-required=\"true\" autocomplete=\"name\" \/><\/div><\/div><div id=\"name-2\" class=\"forminator-field-name forminator-col forminator-col-6  btn\"><div class=\"forminator-field\"><label for=\"forminator-field-name-2_69fb47040d97d\" id=\"forminator-field-name-2_69fb47040d97d-label\" class=\"forminator-label\">Vorname <span class=\"forminator-required\">*<\/span><\/label><input type=\"text\" name=\"name-2\" value=\"\" placeholder=\"Vorname\" id=\"forminator-field-name-2_69fb47040d97d\" class=\"forminator-input forminator-name--field\" aria-required=\"true\" autocomplete=\"name\" \/><\/div><\/div><\/div><div class=\"forminator-row\"><div id=\"email-1\" class=\"forminator-field-email forminator-col forminator-col-6  contact form input btn\"><div class=\"forminator-field\"><label for=\"forminator-field-email-1_69fb47040d97d\" id=\"forminator-field-email-1_69fb47040d97d-label\" class=\"forminator-label\">E-mail <span class=\"forminator-required\">*<\/span><\/label><input type=\"email\" name=\"email-1\" value=\"\" placeholder=\"E-mail\" id=\"forminator-field-email-1_69fb47040d97d\" class=\"forminator-input forminator-email--field\" data-required=\"true\" aria-required=\"true\" autocomplete=\"email\" \/><\/div><\/div><div id=\"phone-1\" class=\"forminator-field-phone forminator-col forminator-col-6  contact form input btn\"><div class=\"forminator-field\"><label for=\"forminator-field-phone-1_69fb47040d97d\" id=\"forminator-field-phone-1_69fb47040d97d-label\" class=\"forminator-label\">Telefonnummer<\/label><input type=\"text\" name=\"phone-1\" value=\"\" placeholder=\"ex. 0412 345 678\" id=\"forminator-field-phone-1_69fb47040d97d\" class=\"forminator-input forminator-field--phone\" data-required=\"\" aria-required=\"false\" autocomplete=\"tel-national\" data-national_mode=\"disabled\" data-country=\"ch\" data-validation=\"international\" \/><\/div><\/div><\/div><div class=\"forminator-row\"><div id=\"text-1\" class=\"forminator-field-text forminator-col forminator-col-12\"><div class=\"forminator-field\"><label for=\"forminator-field-text-1_69fb47040d97d\" id=\"forminator-field-text-1_69fb47040d97d-label\" class=\"forminator-label\">Nachricht<\/label><input type=\"text\" name=\"text-1\" value=\"\" placeholder=\"\" id=\"forminator-field-text-1_69fb47040d97d\" class=\"forminator-input forminator-name--field\" data-required=\"\" \/><\/div><\/div><\/div><div class=\"forminator-row\"><div id=\"checkbox-1\" class=\"forminator-field-checkbox forminator-col forminator-col-12  btn\"><div role=\"group\" class=\"forminator-field\" aria-labelledby=\"forminator-checkbox-group-forminator-field-checkbox-1-69fb47040d97d-label\"><label id=\"forminator-field-checkbox-1-1-69fb47040d97d-label\" for=\"forminator-field-checkbox-1-1-69fb47040d97d\" class=\"forminator-checkbox\" title=\"Ich habe Ihre Datenschutzerkl\u00e4rung gelesen und akzeptiere sie.\"><input type=\"checkbox\" name=\"checkbox-1[]\" value=\"one\" id=\"forminator-field-checkbox-1-1-69fb47040d97d\" aria-labelledby=\"forminator-field-checkbox-1-1-69fb47040d97d-label\" data-calculation=\"0\"   data-hidden-behavior=\"zero\"\/><span class=\"forminator-checkbox-box\" aria-hidden=\"true\"><\/span><span class=\"forminator-checkbox-label\">Ich habe Ihre Datenschutzerkl\u00e4rung gelesen und akzeptiere sie.<\/span><\/label><\/div><\/div><\/div><input type=\"hidden\" name=\"referer_url\" value=\"\" \/><div class=\"forminator-row forminator-row-last\"><div class=\"forminator-col\"><div class=\"forminator-field\"><button class=\"forminator-button forminator-button-submit btn bg txt white f300\"><span>Senden<\/span><span aria-hidden=\"true\"><\/span><\/button><\/div><\/div><\/div><input type=\"hidden\" id=\"forminator_nonce\" name=\"forminator_nonce\" value=\"204de46f6a\" \/><input type=\"hidden\" name=\"_wp_http_referer\" value=\"\/ch-de\/wp-json\/wp\/v2\/pages\/940\" \/><input type=\"hidden\" name=\"form_id\" value=\"965\"><input type=\"hidden\" name=\"page_id\" value=\"940\"><input type=\"hidden\" name=\"form_type\" value=\"default\"><input type=\"hidden\" name=\"current_url\" value=\"https:\/\/scala.cydonia.swiss\/ch-de\/contact\/\"><input type=\"hidden\" name=\"render_id\" value=\"0\"><input type=\"hidden\" name=\"action\" value=\"forminator_submit_form_custom-forms\"><input type=\"hidden\" name=\"trp-form-language\" value=\"ch-de\"\/><\/form><\/div>\n\t\t\t\t\t\t<\/div>\n\t\t\t\t<\/div>\n\t\t\t\t\t<\/div>\n\t\t\t\t<\/div>\n\t\t\t\t<\/div>","protected":false},"excerpt":{"rendered":"<p>Contactez-nous GERAMA G\u00e9rance Toute demande de location par le biais de ce formulaire ne sera pas prise en compte. Si vous souhaitez effectuer une demande de location, rendez-vous directement sur cette page. Gerama Immobilier FribourgPlace de la Gare 51700 Fribourg026 351 15 40<\/p>","protected":false},"author":1,"featured_media":0,"parent":0,"menu_order":0,"comment_status":"closed","ping_status":"closed","template":"","meta":{"_acf_changed":false,"footnotes":""},"class_list":["post-940","page","type-page","status-publish","hentry"],"yoast_head":"<!-- This site is optimized with the Yoast SEO plugin v27.0 - https:\/\/yoast.com\/product\/yoast-seo-wordpress\/ -->\n<title>Contact - SCALA<\/title>\n<meta name=\"robots\" content=\"index, follow, max-snippet:-1, max-image-preview:large, max-video-preview:-1\" \/>\n<link rel=\"canonical\" href=\"https:\/\/green-mink-490856.hostingersite.com\/contact\/\" \/>\n<meta property=\"og:locale\" content=\"de_DE\" \/>\n<meta property=\"og:type\" content=\"article\" \/>\n<meta property=\"og:title\" content=\"Contact - SCALA\" \/>\n<meta property=\"og:description\" content=\"Contactez-nous GERAMA G\u00e9rance Toute demande de location par le biais de ce formulaire ne sera pas prise en compte. Si vous souhaitez effectuer une demande de location, rendez-vous directement sur cette page. Gerama Immobilier FribourgPlace de la Gare 51700 Fribourg026 351 15 40\" \/>\n<meta property=\"og:url\" content=\"https:\/\/green-mink-490856.hostingersite.com\/contact\/\" \/>\n<meta property=\"og:site_name\" content=\"SCALA\" \/>\n<meta property=\"article:modified_time\" content=\"2026-04-13T08:15:07+00:00\" \/>\n<meta property=\"og:image\" content=\"https:\/\/scala.cydonia.swiss\/wp-content\/uploads\/2026\/02\/Rectangle-40687.png\" \/>\n<meta name=\"twitter:card\" content=\"summary_large_image\" \/>\n<meta name=\"twitter:label1\" content=\"Gesch\u00e4tzte Lesezeit\" \/>\n\t<meta name=\"twitter:data1\" content=\"1\u00a0Minute\" \/>\n<script type=\"application\/ld+json\" class=\"yoast-schema-graph\">{\"@context\":\"https:\/\/schema.org\",\"@graph\":[{\"@type\":\"WebPage\",\"@id\":\"https:\/\/green-mink-490856.hostingersite.com\/contact\/\",\"url\":\"https:\/\/green-mink-490856.hostingersite.com\/contact\/\",\"name\":\"Contact - SCALA\",\"isPartOf\":{\"@id\":\"https:\/\/green-mink-490856.hostingersite.com\/#website\"},\"primaryImageOfPage\":{\"@id\":\"https:\/\/green-mink-490856.hostingersite.com\/contact\/#primaryimage\"},\"image\":{\"@id\":\"https:\/\/green-mink-490856.hostingersite.com\/contact\/#primaryimage\"},\"thumbnailUrl\":\"https:\/\/scala.cydonia.swiss\/wp-content\/uploads\/2026\/02\/Rectangle-40687.png\",\"datePublished\":\"2025-11-24T13:31:00+00:00\",\"dateModified\":\"2026-04-13T08:15:07+00:00\",\"breadcrumb\":{\"@id\":\"https:\/\/green-mink-490856.hostingersite.com\/contact\/#breadcrumb\"},\"inLanguage\":\"de\",\"potentialAction\":[{\"@type\":\"ReadAction\",\"target\":[\"https:\/\/green-mink-490856.hostingersite.com\/contact\/\"]}]},{\"@type\":\"ImageObject\",\"inLanguage\":\"de\",\"@id\":\"https:\/\/green-mink-490856.hostingersite.com\/contact\/#primaryimage\",\"url\":\"https:\/\/scala.cydonia.swiss\/wp-content\/uploads\/2026\/02\/Rectangle-40687.png\",\"contentUrl\":\"https:\/\/scala.cydonia.swiss\/wp-content\/uploads\/2026\/02\/Rectangle-40687.png\"},{\"@type\":\"BreadcrumbList\",\"@id\":\"https:\/\/green-mink-490856.hostingersite.com\/contact\/#breadcrumb\",\"itemListElement\":[{\"@type\":\"ListItem\",\"position\":1,\"name\":\"Home\",\"item\":\"https:\/\/scala.cydonia.swiss\/\"},{\"@type\":\"ListItem\",\"position\":2,\"name\":\"Contact\"}]},{\"@type\":\"WebSite\",\"@id\":\"https:\/\/green-mink-490856.hostingersite.com\/#website\",\"url\":\"https:\/\/green-mink-490856.hostingersite.com\/\",\"name\":\"SCALA\",\"description\":\"symbole architectural unique, en plein centre de Fribourg\",\"publisher\":{\"@id\":\"https:\/\/green-mink-490856.hostingersite.com\/#organization\"},\"potentialAction\":[{\"@type\":\"SearchAction\",\"target\":{\"@type\":\"EntryPoint\",\"urlTemplate\":\"https:\/\/green-mink-490856.hostingersite.com\/?s={search_term_string}\"},\"query-input\":{\"@type\":\"PropertyValueSpecification\",\"valueRequired\":true,\"valueName\":\"search_term_string\"}}],\"inLanguage\":\"de\"},{\"@type\":\"Organization\",\"@id\":\"https:\/\/green-mink-490856.hostingersite.com\/#organization\",\"name\":\"SCALA\",\"url\":\"https:\/\/green-mink-490856.hostingersite.com\/\",\"logo\":{\"@type\":\"ImageObject\",\"inLanguage\":\"de\",\"@id\":\"https:\/\/green-mink-490856.hostingersite.com\/#\/schema\/logo\/image\/\",\"url\":\"https:\/\/scala.cydonia.swiss\/wp-content\/uploads\/2025\/10\/logo-1.svg\",\"contentUrl\":\"https:\/\/scala.cydonia.swiss\/wp-content\/uploads\/2025\/10\/logo-1.svg\",\"width\":171,\"height\":41,\"caption\":\"SCALA\"},\"image\":{\"@id\":\"https:\/\/green-mink-490856.hostingersite.com\/#\/schema\/logo\/image\/\"}}]}<\/script>\n<!-- \/ Yoast SEO plugin. -->","yoast_head_json":{"title":"Contact - SCALA","robots":{"index":"index","follow":"follow","max-snippet":"max-snippet:-1","max-image-preview":"max-image-preview:large","max-video-preview":"max-video-preview:-1"},"canonical":"https:\/\/green-mink-490856.hostingersite.com\/contact\/","og_locale":"de_DE","og_type":"article","og_title":"Contact - SCALA","og_description":"Contactez-nous GERAMA G\u00e9rance Toute demande de location par le biais de ce formulaire ne sera pas prise en compte. Si vous souhaitez effectuer une demande de location, rendez-vous directement sur cette page. Gerama Immobilier FribourgPlace de la Gare 51700 Fribourg026 351 15 40","og_url":"https:\/\/green-mink-490856.hostingersite.com\/contact\/","og_site_name":"SCALA","article_modified_time":"2026-04-13T08:15:07+00:00","og_image":[{"url":"https:\/\/scala.cydonia.swiss\/wp-content\/uploads\/2026\/02\/Rectangle-40687.png","type":"","width":"","height":""}],"twitter_card":"summary_large_image","twitter_misc":{"Gesch\u00e4tzte Lesezeit":"1\u00a0Minute"},"schema":{"@context":"https:\/\/schema.org","@graph":[{"@type":"WebPage","@id":"https:\/\/green-mink-490856.hostingersite.com\/contact\/","url":"https:\/\/green-mink-490856.hostingersite.com\/contact\/","name":"Contact - SCALA","isPartOf":{"@id":"https:\/\/green-mink-490856.hostingersite.com\/#website"},"primaryImageOfPage":{"@id":"https:\/\/green-mink-490856.hostingersite.com\/contact\/#primaryimage"},"image":{"@id":"https:\/\/green-mink-490856.hostingersite.com\/contact\/#primaryimage"},"thumbnailUrl":"https:\/\/scala.cydonia.swiss\/wp-content\/uploads\/2026\/02\/Rectangle-40687.png","datePublished":"2025-11-24T13:31:00+00:00","dateModified":"2026-04-13T08:15:07+00:00","breadcrumb":{"@id":"https:\/\/green-mink-490856.hostingersite.com\/contact\/#breadcrumb"},"inLanguage":"de","potentialAction":[{"@type":"ReadAction","target":["https:\/\/green-mink-490856.hostingersite.com\/contact\/"]}]},{"@type":"ImageObject","inLanguage":"de","@id":"https:\/\/green-mink-490856.hostingersite.com\/contact\/#primaryimage","url":"https:\/\/scala.cydonia.swiss\/wp-content\/uploads\/2026\/02\/Rectangle-40687.png","contentUrl":"https:\/\/scala.cydonia.swiss\/wp-content\/uploads\/2026\/02\/Rectangle-40687.png"},{"@type":"BreadcrumbList","@id":"https:\/\/green-mink-490856.hostingersite.com\/contact\/#breadcrumb","itemListElement":[{"@type":"ListItem","position":1,"name":"Home","item":"https:\/\/scala.cydonia.swiss\/"},{"@type":"ListItem","position":2,"name":"Contact"}]},{"@type":"WebSite","@id":"https:\/\/green-mink-490856.hostingersite.com\/#website","url":"https:\/\/green-mink-490856.hostingersite.com\/","name":"SCALA","description":"symbole architectural unique, en plein centre de Fribourg","publisher":{"@id":"https:\/\/green-mink-490856.hostingersite.com\/#organization"},"potentialAction":[{"@type":"SearchAction","target":{"@type":"EntryPoint","urlTemplate":"https:\/\/green-mink-490856.hostingersite.com\/?s={search_term_string}"},"query-input":{"@type":"PropertyValueSpecification","valueRequired":true,"valueName":"search_term_string"}}],"inLanguage":"de"},{"@type":"Organization","@id":"https:\/\/green-mink-490856.hostingersite.com\/#organization","name":"SCALA","url":"https:\/\/green-mink-490856.hostingersite.com\/","logo":{"@type":"ImageObject","inLanguage":"de","@id":"https:\/\/green-mink-490856.hostingersite.com\/#\/schema\/logo\/image\/","url":"https:\/\/scala.cydonia.swiss\/wp-content\/uploads\/2025\/10\/logo-1.svg","contentUrl":"https:\/\/scala.cydonia.swiss\/wp-content\/uploads\/2025\/10\/logo-1.svg","width":171,"height":41,"caption":"SCALA"},"image":{"@id":"https:\/\/green-mink-490856.hostingersite.com\/#\/schema\/logo\/image\/"}}]}},"acf":[],"_links":{"self":[{"href":"https:\/\/scala.cydonia.swiss\/ch-de\/wp-json\/wp\/v2\/pages\/940","targetHints":{"allow":["GET"]}}],"collection":[{"href":"https:\/\/scala.cydonia.swiss\/ch-de\/wp-json\/wp\/v2\/pages"}],"about":[{"href":"https:\/\/scala.cydonia.swiss\/ch-de\/wp-json\/wp\/v2\/types\/page"}],"author":[{"embeddable":true,"href":"https:\/\/scala.cydonia.swiss\/ch-de\/wp-json\/wp\/v2\/users\/1"}],"replies":[{"embeddable":true,"href":"https:\/\/scala.cydonia.swiss\/ch-de\/wp-json\/wp\/v2\/comments?post=940"}],"version-history":[{"count":133,"href":"https:\/\/scala.cydonia.swiss\/ch-de\/wp-json\/wp\/v2\/pages\/940\/revisions"}],"predecessor-version":[{"id":4201,"href":"https:\/\/scala.cydonia.swiss\/ch-de\/wp-json\/wp\/v2\/pages\/940\/revisions\/4201"}],"wp:attachment":[{"href":"https:\/\/scala.cydonia.swiss\/ch-de\/wp-json\/wp\/v2\/media?parent=940"}],"curies":[{"name":"wp","href":"https:\/\/api.w.org\/{rel}","templated":true}]}}