{"id":1354,"date":"2025-11-25T15:14:05","date_gmt":"2025-11-25T15:14:05","guid":{"rendered":"https:\/\/scala.cydonia.swiss\/?page_id=1354"},"modified":"2026-02-25T13:42:22","modified_gmt":"2026-02-25T13:42:22","slug":"visite-virtuelle","status":"publish","type":"page","link":"https:\/\/scala.cydonia.swiss\/ch-de\/visite-virtuelle\/","title":{"rendered":"Virtuelle Rundgang"},"content":{"rendered":"<div data-elementor-type=\"wp-page\" data-elementor-id=\"1354\" class=\"elementor elementor-1354\" data-elementor-post-type=\"page\">\n\t\t\t\t<div class=\"elementor-element elementor-element-583615c gwidth e-flex e-con-boxed e-con e-parent\" data-id=\"583615c\" data-element_type=\"container\" data-settings=\"{&quot;background_background&quot;:&quot;classic&quot;}\">\n\t\t\t\t\t<div class=\"e-con-inner\">\n\t\t\t\t<div class=\"elementor-element elementor-element-45c0b09 heading2 black f300 upc elementor-widget__width-auto elementor-widget elementor-widget-heading\" data-id=\"45c0b09\" data-element_type=\"widget\" data-widget_type=\"heading.default\">\n\t\t\t\t\t<h2 class=\"elementor-heading-title elementor-size-default\">Entdecken Sie unsere <span>WOHNUNGEN<\/span><br \/>\nmit virtuellen Rundg\u00e4ngen, <span>die speziell f\u00fcr Sie entwickelt wurden <\/h2>\t\t\t\t<\/div>\n\t\t\t\t<div class=\"elementor-element elementor-element-02043a3 deg90 elementor-widget-divider--view-line elementor-widget elementor-widget-divider\" data-id=\"02043a3\" data-element_type=\"widget\" data-widget_type=\"divider.default\">\n\t\t\t\t\t\t\t<div class=\"elementor-divider\">\n\t\t\t<span class=\"elementor-divider-separator\">\n\t\t\t\t\t\t<\/span>\n\t\t<\/div>\n\t\t\t\t\t\t<\/div>\n\t\t\t\t\t<\/div>\n\t\t\t\t<\/div>\n\t\t<div class=\"elementor-element elementor-element-a91b954 gwidth e-flex e-con-boxed e-con e-parent\" data-id=\"a91b954\" data-element_type=\"container\" data-settings=\"{&quot;background_background&quot;:&quot;classic&quot;}\">\n\t\t\t\t\t<div class=\"e-con-inner\">\n\t\t\t\t<div class=\"elementor-element elementor-element-c0f0a47 heading2 black f300 upc elementor-widget__width-auto elementor-widget elementor-widget-heading\" data-id=\"c0f0a47\" data-element_type=\"widget\" data-widget_type=\"heading.default\">\n\t\t\t\t\t<h2 class=\"elementor-heading-title elementor-size-default\">4,5 Zimmer im 8. Stock, Treppenhaus I<\/h2>\t\t\t\t<\/div>\n\t\t\t\t\t<\/div>\n\t\t\t\t<\/div>\n\t\t<div class=\"elementor-element elementor-element-c33eaa5 e-con-full e-flex e-con e-parent\" data-id=\"c33eaa5\" data-element_type=\"container\" data-settings=\"{&quot;background_background&quot;:&quot;classic&quot;}\">\n\t\t\t\t<div class=\"elementor-element elementor-element-fa534a5 elementor-widget elementor-widget-html\" data-id=\"fa534a5\" data-element_type=\"widget\" data-widget_type=\"html.default\">\n\t\t\t\t\t<iframe src=\"https:\/\/livetour.istaging.com\/5234f1c7-3c8e-44bb-8f94-cc338c277b7c\" width=\"auto\" height=\"900\" style=\"border:none;\" allowfullscreen><\/iframe>\n\t\t\t\t<\/div>\n\t\t\t\t<\/div>\n\t\t<div class=\"elementor-element elementor-element-c8d568e gwidth e-flex e-con-boxed e-con e-parent\" data-id=\"c8d568e\" data-element_type=\"container\" data-settings=\"{&quot;background_background&quot;:&quot;classic&quot;}\">\n\t\t\t\t\t<div class=\"e-con-inner\">\n\t\t\t\t<div class=\"elementor-element elementor-element-b1c31a0 heading2 black f300 upc elementor-widget__width-auto elementor-widget elementor-widget-heading\" data-id=\"b1c31a0\" data-element_type=\"widget\" data-widget_type=\"heading.default\">\n\t\t\t\t\t<h2 class=\"elementor-heading-title elementor-size-default\">4,5 Zimmer im 6. Stock, Treppenhaus G.<\/h2>\t\t\t\t<\/div>\n\t\t\t\t\t<\/div>\n\t\t\t\t<\/div>\n\t\t<div class=\"elementor-element elementor-element-e07a896 e-con-full e-flex e-con e-parent\" data-id=\"e07a896\" data-element_type=\"container\" data-settings=\"{&quot;background_background&quot;:&quot;classic&quot;}\">\n\t\t\t\t<div class=\"elementor-element elementor-element-efa9804 elementor-widget elementor-widget-html\" data-id=\"efa9804\" data-element_type=\"widget\" data-widget_type=\"html.default\">\n\t\t\t\t\t<iframe src=\"https:\/\/livetour.istaging.com\/78462e0d-beef-4ef1-8e90-a1d4f5302554\" width=\"auto\" height=\"900\" style=\"border:none;\" allowfullscreen><\/iframe>\n\t\t\t\t<\/div>\n\t\t\t\t<\/div>\n\t\t\t\t<\/div>","protected":false},"excerpt":{"rendered":"<p>D\u00e9couvrez nos appartements gr\u00e2ce \u00e0 nos visites virtuelles 4,5 pi\u00e8ces au 8\u00e8me \u00e9tage, cage I 4,5 pi\u00e8ces au 6\u00e8me \u00e9tage, cage G.<\/p>","protected":false},"author":1,"featured_media":0,"parent":0,"menu_order":0,"comment_status":"closed","ping_status":"closed","template":"","meta":{"_acf_changed":false,"footnotes":""},"class_list":["post-1354","page","type-page","status-publish","hentry"],"yoast_head":"<!-- This site is optimized with the Yoast SEO plugin v27.0 - https:\/\/yoast.com\/product\/yoast-seo-wordpress\/ -->\n<title>Visite virtuelle - SCALA<\/title>\n<meta name=\"robots\" content=\"index, follow, max-snippet:-1, max-image-preview:large, max-video-preview:-1\" \/>\n<link rel=\"canonical\" href=\"https:\/\/scala.cydonia.swiss\/ch-de\/visite-virtuelle\/\" \/>\n<meta property=\"og:locale\" content=\"de_DE\" \/>\n<meta property=\"og:type\" content=\"article\" \/>\n<meta property=\"og:title\" content=\"Visite virtuelle - SCALA\" \/>\n<meta property=\"og:description\" content=\"D\u00e9couvrez nos appartements gr\u00e2ce \u00e0 nos visites virtuelles 4,5 pi\u00e8ces au 8\u00e8me \u00e9tage, cage I 4,5 pi\u00e8ces au 6\u00e8me \u00e9tage, cage G.\" \/>\n<meta property=\"og:url\" content=\"https:\/\/scala.cydonia.swiss\/ch-de\/visite-virtuelle\/\" \/>\n<meta property=\"og:site_name\" content=\"SCALA\" \/>\n<meta property=\"article:modified_time\" content=\"2026-02-25T13:42:22+00:00\" \/>\n<meta name=\"twitter:card\" content=\"summary_large_image\" \/>\n<meta name=\"twitter:label1\" content=\"Gesch\u00e4tzte Lesezeit\" \/>\n\t<meta name=\"twitter:data1\" content=\"1\u00a0Minute\" \/>\n<script type=\"application\/ld+json\" class=\"yoast-schema-graph\">{\"@context\":\"https:\/\/schema.org\",\"@graph\":[{\"@type\":\"WebPage\",\"@id\":\"https:\/\/scala.cydonia.swiss\/visite-virtuelle\/\",\"url\":\"https:\/\/scala.cydonia.swiss\/visite-virtuelle\/\",\"name\":\"Visite virtuelle - SCALA\",\"isPartOf\":{\"@id\":\"https:\/\/green-mink-490856.hostingersite.com\/#website\"},\"datePublished\":\"2025-11-25T15:14:05+00:00\",\"dateModified\":\"2026-02-25T13:42:22+00:00\",\"breadcrumb\":{\"@id\":\"https:\/\/scala.cydonia.swiss\/visite-virtuelle\/#breadcrumb\"},\"inLanguage\":\"de\",\"potentialAction\":[{\"@type\":\"ReadAction\",\"target\":[\"https:\/\/scala.cydonia.swiss\/visite-virtuelle\/\"]}]},{\"@type\":\"BreadcrumbList\",\"@id\":\"https:\/\/scala.cydonia.swiss\/visite-virtuelle\/#breadcrumb\",\"itemListElement\":[{\"@type\":\"ListItem\",\"position\":1,\"name\":\"Home\",\"item\":\"https:\/\/scala.cydonia.swiss\/\"},{\"@type\":\"ListItem\",\"position\":2,\"name\":\"Visite virtuelle\"}]},{\"@type\":\"WebSite\",\"@id\":\"https:\/\/green-mink-490856.hostingersite.com\/#website\",\"url\":\"https:\/\/green-mink-490856.hostingersite.com\/\",\"name\":\"SCALA\",\"description\":\"symbole architectural unique, en plein centre de Fribourg\",\"publisher\":{\"@id\":\"https:\/\/green-mink-490856.hostingersite.com\/#organization\"},\"potentialAction\":[{\"@type\":\"SearchAction\",\"target\":{\"@type\":\"EntryPoint\",\"urlTemplate\":\"https:\/\/green-mink-490856.hostingersite.com\/?s={search_term_string}\"},\"query-input\":{\"@type\":\"PropertyValueSpecification\",\"valueRequired\":true,\"valueName\":\"search_term_string\"}}],\"inLanguage\":\"de\"},{\"@type\":\"Organization\",\"@id\":\"https:\/\/green-mink-490856.hostingersite.com\/#organization\",\"name\":\"SCALA\",\"url\":\"https:\/\/green-mink-490856.hostingersite.com\/\",\"logo\":{\"@type\":\"ImageObject\",\"inLanguage\":\"de\",\"@id\":\"https:\/\/green-mink-490856.hostingersite.com\/#\/schema\/logo\/image\/\",\"url\":\"https:\/\/scala.cydonia.swiss\/wp-content\/uploads\/2025\/10\/logo-1.svg\",\"contentUrl\":\"https:\/\/scala.cydonia.swiss\/wp-content\/uploads\/2025\/10\/logo-1.svg\",\"width\":171,\"height\":41,\"caption\":\"SCALA\"},\"image\":{\"@id\":\"https:\/\/green-mink-490856.hostingersite.com\/#\/schema\/logo\/image\/\"}}]}<\/script>\n<!-- \/ Yoast SEO plugin. -->","yoast_head_json":{"title":"Visite virtuelle - SCALA","robots":{"index":"index","follow":"follow","max-snippet":"max-snippet:-1","max-image-preview":"max-image-preview:large","max-video-preview":"max-video-preview:-1"},"canonical":"https:\/\/scala.cydonia.swiss\/ch-de\/visite-virtuelle\/","og_locale":"de_DE","og_type":"article","og_title":"Visite virtuelle - SCALA","og_description":"D\u00e9couvrez nos appartements gr\u00e2ce \u00e0 nos visites virtuelles 4,5 pi\u00e8ces au 8\u00e8me \u00e9tage, cage I 4,5 pi\u00e8ces au 6\u00e8me \u00e9tage, cage G.","og_url":"https:\/\/scala.cydonia.swiss\/ch-de\/visite-virtuelle\/","og_site_name":"SCALA","article_modified_time":"2026-02-25T13:42:22+00:00","twitter_card":"summary_large_image","twitter_misc":{"Gesch\u00e4tzte Lesezeit":"1\u00a0Minute"},"schema":{"@context":"https:\/\/schema.org","@graph":[{"@type":"WebPage","@id":"https:\/\/scala.cydonia.swiss\/visite-virtuelle\/","url":"https:\/\/scala.cydonia.swiss\/visite-virtuelle\/","name":"Visite virtuelle - SCALA","isPartOf":{"@id":"https:\/\/green-mink-490856.hostingersite.com\/#website"},"datePublished":"2025-11-25T15:14:05+00:00","dateModified":"2026-02-25T13:42:22+00:00","breadcrumb":{"@id":"https:\/\/scala.cydonia.swiss\/visite-virtuelle\/#breadcrumb"},"inLanguage":"de","potentialAction":[{"@type":"ReadAction","target":["https:\/\/scala.cydonia.swiss\/visite-virtuelle\/"]}]},{"@type":"BreadcrumbList","@id":"https:\/\/scala.cydonia.swiss\/visite-virtuelle\/#breadcrumb","itemListElement":[{"@type":"ListItem","position":1,"name":"Home","item":"https:\/\/scala.cydonia.swiss\/"},{"@type":"ListItem","position":2,"name":"Visite virtuelle"}]},{"@type":"WebSite","@id":"https:\/\/green-mink-490856.hostingersite.com\/#website","url":"https:\/\/green-mink-490856.hostingersite.com\/","name":"SCALA","description":"symbole architectural unique, en plein centre de Fribourg","publisher":{"@id":"https:\/\/green-mink-490856.hostingersite.com\/#organization"},"potentialAction":[{"@type":"SearchAction","target":{"@type":"EntryPoint","urlTemplate":"https:\/\/green-mink-490856.hostingersite.com\/?s={search_term_string}"},"query-input":{"@type":"PropertyValueSpecification","valueRequired":true,"valueName":"search_term_string"}}],"inLanguage":"de"},{"@type":"Organization","@id":"https:\/\/green-mink-490856.hostingersite.com\/#organization","name":"SCALA","url":"https:\/\/green-mink-490856.hostingersite.com\/","logo":{"@type":"ImageObject","inLanguage":"de","@id":"https:\/\/green-mink-490856.hostingersite.com\/#\/schema\/logo\/image\/","url":"https:\/\/scala.cydonia.swiss\/wp-content\/uploads\/2025\/10\/logo-1.svg","contentUrl":"https:\/\/scala.cydonia.swiss\/wp-content\/uploads\/2025\/10\/logo-1.svg","width":171,"height":41,"caption":"SCALA"},"image":{"@id":"https:\/\/green-mink-490856.hostingersite.com\/#\/schema\/logo\/image\/"}}]}},"acf":[],"_links":{"self":[{"href":"https:\/\/scala.cydonia.swiss\/ch-de\/wp-json\/wp\/v2\/pages\/1354","targetHints":{"allow":["GET"]}}],"collection":[{"href":"https:\/\/scala.cydonia.swiss\/ch-de\/wp-json\/wp\/v2\/pages"}],"about":[{"href":"https:\/\/scala.cydonia.swiss\/ch-de\/wp-json\/wp\/v2\/types\/page"}],"author":[{"embeddable":true,"href":"https:\/\/scala.cydonia.swiss\/ch-de\/wp-json\/wp\/v2\/users\/1"}],"replies":[{"embeddable":true,"href":"https:\/\/scala.cydonia.swiss\/ch-de\/wp-json\/wp\/v2\/comments?post=1354"}],"version-history":[{"count":55,"href":"https:\/\/scala.cydonia.swiss\/ch-de\/wp-json\/wp\/v2\/pages\/1354\/revisions"}],"predecessor-version":[{"id":3661,"href":"https:\/\/scala.cydonia.swiss\/ch-de\/wp-json\/wp\/v2\/pages\/1354\/revisions\/3661"}],"wp:attachment":[{"href":"https:\/\/scala.cydonia.swiss\/ch-de\/wp-json\/wp\/v2\/media?parent=1354"}],"curies":[{"name":"wp","href":"https:\/\/api.w.org\/{rel}","templated":true}]}}