{"id":1210,"date":"2025-11-25T10:58:55","date_gmt":"2025-11-25T10:58:55","guid":{"rendered":"https:\/\/scala.cydonia.swiss\/?page_id=1210"},"modified":"2026-04-13T08:15:28","modified_gmt":"2026-04-13T08:15:28","slug":"visiter-un-appartement","status":"publish","type":"page","link":"https:\/\/scala.cydonia.swiss\/ch-de\/visiter-un-appartement\/","title":{"rendered":"Wohnung besichtigen"},"content":{"rendered":"<div data-elementor-type=\"wp-page\" data-elementor-id=\"1210\" class=\"elementor elementor-1210\" data-elementor-post-type=\"page\">\n\t\t\t\t<div class=\"elementor-element elementor-element-a835a81 gwidth e-flex e-con-boxed e-con e-parent\" data-id=\"a835a81\" data-element_type=\"container\" data-settings=\"{&quot;background_background&quot;:&quot;classic&quot;}\">\n\t\t\t\t\t<div class=\"e-con-inner\">\n\t\t\t\t<div class=\"elementor-element elementor-element-84cc931 heading2 black f300  elementor-widget__width-auto elementor-widget elementor-widget-heading\" data-id=\"84cc931\" data-element_type=\"widget\" data-widget_type=\"heading.default\">\n\t\t\t\t\t<h2 class=\"elementor-heading-title elementor-size-default\">Entdecken Sie vor Ort unsere\n<br> 2 Musterwohnungen<\/h2>\t\t\t\t<\/div>\n\t\t\t\t<div class=\"elementor-element elementor-element-53fed44 deg90 elementor-widget-divider--view-line elementor-widget elementor-widget-divider\" data-id=\"53fed44\" data-element_type=\"widget\" data-widget_type=\"divider.default\">\n\t\t\t\t\t\t\t<div class=\"elementor-divider\">\n\t\t\t<span class=\"elementor-divider-separator\">\n\t\t\t\t\t\t<\/span>\n\t\t<\/div>\n\t\t\t\t\t\t<\/div>\n\t\t\t\t<div class=\"elementor-element elementor-element-4dce046 elementor-widget__width-initial txt black f300 elementor-widget-mobile__width-inherit elementor-widget elementor-widget-text-editor\" data-id=\"4dce046\" data-element_type=\"widget\" data-widget_type=\"text-editor.default\">\n\t\t\t\t\t\t\t\t\t<p>Vous souhaitez rejoindre la r\u00e9sidence Scala et louer un bien ? Effectuez directement une demande en ligne et venez visiter nos appartements.<\/p><p>Unser Team wird sich umgehend mit Ihnen in Verbindung setzen, um einen Besichtigungstermin zu vereinbaren oder Ihre Unterlagen fertigzustellen.<\/p>\t\t\t\t\t\t\t\t<\/div>\n\t\t\t\t\t<\/div>\n\t\t\t\t<\/div>\n\t\t<div class=\"elementor-element elementor-element-7696a99 e-con-full e-flex e-con e-parent\" data-id=\"7696a99\" data-element_type=\"container\" data-settings=\"{&quot;background_background&quot;:&quot;classic&quot;}\">\n\t\t\t\t<div class=\"elementor-element elementor-element-96d9e42 elementor-widget elementor-widget-e42GetSwiperItems\" data-id=\"96d9e42\" data-element_type=\"widget\" data-widget_type=\"e42GetSwiperItems.default\">\n\t\t\t\t<div class=\"elementor-widget-container\">\n\t\t\t\t\t<div class=\"getSwiperItems\"><style>.getSwiperItems .swiper-button-prev:after, .getSwiperItems .swiper-button-next:after{background-image: url(https:\/\/scala.cydonia.swiss\/wp-content\/uploads\/2025\/11\/left-icon.svg);}<\/style><div class=\"swiper swiperItems\"><div class=\"swiper-wrapper\"><div class=\"swiper-slide itemsSwipers\" data-name=\"name test\" data-icon=\"\"> <div class=\"infos-gallery\">\n                        <div class=\"tabs-icon-top\"> <\/div><\/div><div class=\"sw-image\" style=\"background-image: url(https:\/\/scala.cydonia.swiss\/wp-content\/uploads\/2025\/11\/visit-appart-1.png);\"><a href=\"https:\/\/scala.cydonia.swiss\/wp-content\/uploads\/2025\/11\/visit-appart-1.png\" data-lightbox=\"gallery\"><\/a><\/div><\/div><div class=\"swiper-slide itemsSwipers\" data-name=\"name test\" data-icon=\"\"> <div class=\"infos-gallery\">\n                        <div class=\"tabs-icon-top\"> <\/div><\/div><div class=\"sw-image\" style=\"background-image: url(https:\/\/scala.cydonia.swiss\/wp-content\/uploads\/2026\/02\/Rectaaasangle-40668.png);\"><a href=\"https:\/\/scala.cydonia.swiss\/wp-content\/uploads\/2026\/02\/Rectaaasangle-40668.png\" data-lightbox=\"gallery\"><\/a><\/div><\/div><div class=\"swiper-slide itemsSwipers\" data-name=\"name test\" data-icon=\"\"> <div class=\"infos-gallery\">\n                        <div class=\"tabs-icon-top\"> <\/div><\/div><div class=\"sw-image\" style=\"background-image: url(https:\/\/scala.cydonia.swiss\/wp-content\/uploads\/2025\/11\/visit-appart-3.png);\"><a href=\"https:\/\/scala.cydonia.swiss\/wp-content\/uploads\/2025\/11\/visit-appart-3.png\" data-lightbox=\"gallery\"><\/a><\/div><\/div><div class=\"swiper-slide itemsSwipers\" data-name=\"name test\" data-icon=\"\"> <div class=\"infos-gallery\">\n                        <div class=\"tabs-icon-top\"> <\/div><\/div><div class=\"sw-image\" style=\"background-image: url(https:\/\/scala.cydonia.swiss\/wp-content\/uploads\/2026\/02\/Rectangle-dfdf.png);\"><a href=\"https:\/\/scala.cydonia.swiss\/wp-content\/uploads\/2026\/02\/Rectangle-dfdf.png\" data-lightbox=\"gallery\"><\/a><\/div><\/div><div class=\"swiper-slide itemsSwipers\" data-name=\"name test\" data-icon=\"\"> <div class=\"infos-gallery\">\n                        <div class=\"tabs-icon-top\"> <\/div><\/div><div class=\"sw-image\" style=\"background-image: url(https:\/\/scala.cydonia.swiss\/wp-content\/uploads\/2025\/11\/visit-appart-5.png);\"><a href=\"https:\/\/scala.cydonia.swiss\/wp-content\/uploads\/2025\/11\/visit-appart-5.png\" data-lightbox=\"gallery\"><\/a><\/div><\/div><div class=\"swiper-slide itemsSwipers\" data-name=\"name test\" data-icon=\"\"> <div class=\"infos-gallery\">\n                        <div class=\"tabs-icon-top\"> <\/div><\/div><div class=\"sw-image\" style=\"background-image: url(https:\/\/scala.cydonia.swiss\/wp-content\/uploads\/2026\/02\/Rectangle-40668-9.png);\"><a href=\"https:\/\/scala.cydonia.swiss\/wp-content\/uploads\/2026\/02\/Rectangle-40668-9.png\" data-lightbox=\"gallery\"><\/a><\/div><\/div><\/div>\n\t\t      <div class=\"swiper-button-next\"><\/div>\n      \t\t  <div class=\"swiper-button-prev\"><\/div>     \n\t\t\t  <\/div><\/div>\t\t\t\t<\/div>\n\t\t\t\t<\/div>\n\t\t\t\t<\/div>\n\t\t<div class=\"elementor-element elementor-element-28f6503 gwidth e-flex e-con-boxed e-con e-parent\" data-id=\"28f6503\" data-element_type=\"container\" data-settings=\"{&quot;background_background&quot;:&quot;classic&quot;}\">\n\t\t\t\t\t<div class=\"e-con-inner\">\n\t\t<div class=\"elementor-element elementor-element-4ef4879 e-con-full e-flex e-con e-child\" data-id=\"4ef4879\" data-element_type=\"container\">\n\t\t<div class=\"elementor-element elementor-element-d5ca497 e-con-full e-flex e-con e-child\" data-id=\"d5ca497\" data-element_type=\"container\">\n\t\t\t\t<div class=\"elementor-element elementor-element-eb74285 heading2 white f300 elementor-widget elementor-widget-heading\" data-id=\"eb74285\" data-element_type=\"widget\" data-widget_type=\"heading.default\">\n\t\t\t\t\t<h2 class=\"elementor-heading-title elementor-size-default translation-block\">Vereinbaren Sie eine<br>\nWohnungsbesichtigung<\/h2>\t\t\t\t<\/div>\n\t\t\t\t<\/div>\n\t\t<div class=\"elementor-element elementor-element-9942a84 e-con-full e-flex e-con e-child\" data-id=\"9942a84\" data-element_type=\"container\">\n\t\t\t\t<div class=\"elementor-element elementor-element-97e9c17 heading upc f400 white elementor-widget__width-auto elementor-widget elementor-widget-heading\" data-id=\"97e9c17\" data-element_type=\"widget\" data-widget_type=\"heading.default\">\n\t\t\t\t\t<h2 class=\"elementor-heading-title elementor-size-default\">GERAMA<\/h2>\t\t\t\t<\/div>\n\t\t\t\t<div class=\"elementor-element elementor-element-8fe5c11 txt f400 white elementor-widget__width-auto elementor-widget elementor-widget-text-editor\" data-id=\"8fe5c11\" data-element_type=\"widget\" data-widget_type=\"text-editor.default\">\n\t\t\t\t\t\t\t\t\t<p>Verwaltung<\/p>\t\t\t\t\t\t\t\t<\/div>\n\t\t\t\t<div class=\"elementor-element elementor-element-9d36253 txt f300 white elementor-widget elementor-widget-text-editor\" data-id=\"9d36253\" data-element_type=\"widget\" data-widget_type=\"text-editor.default\">\n\t\t\t\t\t\t\t\t\t<p>Gerama Immobilier Fribourg<br \/>Place de la Gare 5<br \/>1700 Fribourg<br \/>026 351 15 40<\/p>\t\t\t\t\t\t\t\t<\/div>\n\t\t\t\t<\/div>\n\t\t\t\t<\/div>\n\t\t<div class=\"elementor-element elementor-element-f5ad842 e-con-full e-flex e-con e-child\" data-id=\"f5ad842\" data-element_type=\"container\">\n\t\t<div class=\"elementor-element elementor-element-ecfbb8e e-con-full e-flex e-con e-child\" data-id=\"ecfbb8e\" data-element_type=\"container\">\n\t\t\t\t<div class=\"elementor-element elementor-element-0221363 elementor-widget elementor-widget-image\" data-id=\"0221363\" data-element_type=\"widget\" data-widget_type=\"image.default\">\n\t\t\t\t\t\t\t\t\t\t\t\t\t\t\t<img fetchpriority=\"high\" decoding=\"async\" width=\"800\" height=\"499\" src=\"https:\/\/scala.cydonia.swiss\/wp-content\/uploads\/2025\/11\/intro-home-1024x639.png\" class=\"attachment-large size-large wp-image-223\" alt=\"\" srcset=\"https:\/\/scala.cydonia.swiss\/wp-content\/uploads\/2025\/11\/intro-home-1024x639.png 1024w, https:\/\/scala.cydonia.swiss\/wp-content\/uploads\/2025\/11\/intro-home-300x187.png 300w, https:\/\/scala.cydonia.swiss\/wp-content\/uploads\/2025\/11\/intro-home-768x479.png 768w, https:\/\/scala.cydonia.swiss\/wp-content\/uploads\/2025\/11\/intro-home.png 1440w\" sizes=\"(max-width: 800px) 100vw, 800px\" \/>\t\t\t\t\t\t\t\t\t\t\t\t\t\t\t<\/div>\n\t\t\t\t<\/div>\n\t\t<div class=\"elementor-element elementor-element-81a99cd e-con-full white f300 e-flex e-con e-child\" data-id=\"81a99cd\" data-element_type=\"container\" data-settings=\"{&quot;background_background&quot;:&quot;classic&quot;}\">\n\t\t\t\t<div class=\"elementor-element elementor-element-cddf389 elementor-widget elementor-widget-shortcode\" data-id=\"cddf389\" data-element_type=\"widget\" data-widget_type=\"shortcode.default\">\n\t\t\t\t\t\t\t<div class=\"elementor-shortcode\"><div class=\"forminator-ui forminator-custom-form forminator-custom-form-1419 forminator-design--material  forminator_ajax\" data-forminator-render=\"0\" data-form=\"forminator-module-1419\" data-uid=\"69fb48f276dc6\"><br\/><\/div><form\n\t\t\t\tid=\"forminator-module-1419\"\n\t\t\t\tclass=\"forminator-ui forminator-custom-form forminator-custom-form-1419 forminator-design--material  forminator_ajax\"\n\t\t\t\tmethod=\"post\"\n\t\t\t\tdata-forminator-render=\"0\"\n\t\t\t\tdata-form-id=\"1419\"\n\t\t\t\t data-color-option=\"theme\" data-design=\"material\" data-grid=\"open\" style=\"display: none;\"\n\t\t\t\tdata-uid=\"69fb48f276dc6\" action=\"\"\n\t\t\t><div role=\"alert\" aria-live=\"polite\" class=\"forminator-response-message forminator-error\" aria-hidden=\"true\"><\/div><div class=\"forminator-row\"><div id=\"name-1\" class=\"forminator-field-name forminator-col forminator-col-6  btn\"><div class=\"forminator-field\"><label for=\"forminator-field-name-1_69fb48f276dc6\" id=\"forminator-field-name-1_69fb48f276dc6-label\" class=\"forminator-label\">Name <span class=\"forminator-required\">*<\/span><\/label><input type=\"text\" name=\"name-1\" value=\"\" placeholder=\"Name\" id=\"forminator-field-name-1_69fb48f276dc6\" class=\"forminator-input forminator-name--field\" aria-required=\"true\" autocomplete=\"name\" \/><\/div><\/div><div id=\"name-2\" class=\"forminator-field-name forminator-col forminator-col-6  btn\"><div class=\"forminator-field\"><label for=\"forminator-field-name-2_69fb48f276dc6\" id=\"forminator-field-name-2_69fb48f276dc6-label\" class=\"forminator-label\">Vorname <span class=\"forminator-required\">*<\/span><\/label><input type=\"text\" name=\"name-2\" value=\"\" placeholder=\"Vorname\" id=\"forminator-field-name-2_69fb48f276dc6\" class=\"forminator-input forminator-name--field\" aria-required=\"true\" autocomplete=\"name\" \/><\/div><\/div><\/div><div class=\"forminator-row\"><div id=\"email-1\" class=\"forminator-field-email forminator-col forminator-col-6  contact form input btn\"><div class=\"forminator-field\"><label for=\"forminator-field-email-1_69fb48f276dc6\" id=\"forminator-field-email-1_69fb48f276dc6-label\" class=\"forminator-label\">E-mail <span class=\"forminator-required\">*<\/span><\/label><input type=\"email\" name=\"email-1\" value=\"\" placeholder=\"E-mail\" id=\"forminator-field-email-1_69fb48f276dc6\" class=\"forminator-input forminator-email--field\" data-required=\"true\" aria-required=\"true\" autocomplete=\"email\" \/><\/div><\/div><div id=\"phone-1\" class=\"forminator-field-phone forminator-col forminator-col-6  contact form input btn\"><div class=\"forminator-field\"><label for=\"forminator-field-phone-1_69fb48f276dc6\" id=\"forminator-field-phone-1_69fb48f276dc6-label\" class=\"forminator-label\">Telefonnummer<\/label><input type=\"text\" name=\"phone-1\" value=\"\" placeholder=\"ex. 0412 345 678\" id=\"forminator-field-phone-1_69fb48f276dc6\" class=\"forminator-input forminator-field--phone\" data-required=\"\" aria-required=\"false\" autocomplete=\"tel-national\" data-national_mode=\"disabled\" data-country=\"ch\" data-validation=\"international\" \/><\/div><\/div><\/div><div class=\"forminator-row\"><div id=\"checkbox-1\" class=\"forminator-field-checkbox forminator-col forminator-col-12  btn\"><div role=\"group\" class=\"forminator-field\" aria-labelledby=\"forminator-checkbox-group-forminator-field-checkbox-1-69fb48f276dc6-label\"><label id=\"forminator-field-checkbox-1-1-69fb48f276dc6-label\" for=\"forminator-field-checkbox-1-1-69fb48f276dc6\" class=\"forminator-checkbox\" title=\"Eine Wohnung ausw\u00e4hlen\"><input type=\"checkbox\" name=\"checkbox-1[]\" value=\"Demander une visite d&#039;appartement\" id=\"forminator-field-checkbox-1-1-69fb48f276dc6\" aria-labelledby=\"forminator-field-checkbox-1-1-69fb48f276dc6-label\" data-calculation=\"0\"   data-hidden-behavior=\"zero\"\/><span class=\"forminator-checkbox-box\" aria-hidden=\"true\"><\/span><span class=\"forminator-checkbox-label\">Eine Wohnung ausw\u00e4hlen<\/span><\/label><\/div><\/div><\/div><div class=\"forminator-row\"><div id=\"checkbox-2\" class=\"forminator-field-checkbox forminator-col forminator-col-12  btn\"><div role=\"group\" class=\"forminator-field\" aria-labelledby=\"forminator-checkbox-group-forminator-field-checkbox-2-69fb48f276dc6-label\"><label id=\"forminator-field-checkbox-2-1-69fb48f276dc6-label\" for=\"forminator-field-checkbox-2-1-69fb48f276dc6\" class=\"forminator-checkbox\" title=\"Ich habe Ihre Datenschutzerkl\u00e4rung gelesen und akzeptiere sie.\"><input type=\"checkbox\" name=\"checkbox-2[]\" value=\"one\" id=\"forminator-field-checkbox-2-1-69fb48f276dc6\" aria-labelledby=\"forminator-field-checkbox-2-1-69fb48f276dc6-label\" data-calculation=\"0\"   data-hidden-behavior=\"zero\"\/><span class=\"forminator-checkbox-box\" aria-hidden=\"true\"><\/span><span class=\"forminator-checkbox-label\">Ich habe Ihre Datenschutzerkl\u00e4rung gelesen und akzeptiere sie.<\/span><\/label><\/div><\/div><\/div><input type=\"hidden\" name=\"referer_url\" value=\"\" \/><div class=\"forminator-row forminator-row-last\"><div class=\"forminator-col\"><div class=\"forminator-field\"><button class=\"forminator-button forminator-button-submit btn bg txt black f300\"><span>Senden<\/span><span aria-hidden=\"true\"><\/span><\/button><\/div><\/div><\/div><input type=\"hidden\" id=\"forminator_nonce\" name=\"forminator_nonce\" value=\"d638dfab26\" \/><input type=\"hidden\" name=\"_wp_http_referer\" value=\"\/ch-de\/wp-json\/wp\/v2\/pages\/1210\" \/><input type=\"hidden\" name=\"form_id\" value=\"1419\"><input type=\"hidden\" name=\"page_id\" value=\"1210\"><input type=\"hidden\" name=\"form_type\" value=\"default\"><input type=\"hidden\" name=\"current_url\" value=\"https:\/\/scala.cydonia.swiss\/ch-de\/visiter-un-appartement\/\"><input type=\"hidden\" name=\"render_id\" value=\"0\"><input type=\"hidden\" name=\"action\" value=\"forminator_submit_form_custom-forms\"><input type=\"hidden\" name=\"trp-form-language\" value=\"ch-de\"\/><\/form><\/div>\n\t\t\t\t\t\t<\/div>\n\t\t\t\t<\/div>\n\t\t\t\t<\/div>\n\t\t\t\t\t<\/div>\n\t\t\t\t<\/div>\n\t\t\t\t<\/div>","protected":false},"excerpt":{"rendered":"<p>D\u00e9couvrez sur place nos 2 appartements t\u00e9moins Vous souhaitez rejoindre la r\u00e9sidence Scala et louer un bien ? Effectuez directement une demande en ligne et venez visiter nos appartements. Notre \u00e9quipe vous contactera rapidement pour planifier une visite ou finaliser votre dossier. demandez une visite d\u2019appartement GERAMA G\u00e9rance Gerama Immobilier FribourgPlace de la Gare 51700 [&hellip;]<\/p>","protected":false},"author":1,"featured_media":0,"parent":0,"menu_order":0,"comment_status":"closed","ping_status":"closed","template":"","meta":{"_acf_changed":false,"footnotes":""},"class_list":["post-1210","page","type-page","status-publish","hentry"],"yoast_head":"<!-- This site is optimized with the Yoast SEO plugin v27.0 - https:\/\/yoast.com\/product\/yoast-seo-wordpress\/ -->\n<title>Visiter un appartement - SCALA<\/title>\n<meta name=\"robots\" content=\"index, follow, max-snippet:-1, max-image-preview:large, max-video-preview:-1\" \/>\n<link rel=\"canonical\" href=\"https:\/\/scala.cydonia.swiss\/ch-de\/visiter-un-appartement\/\" \/>\n<meta property=\"og:locale\" content=\"de_DE\" \/>\n<meta property=\"og:type\" content=\"article\" \/>\n<meta property=\"og:title\" content=\"Visiter un appartement - SCALA\" \/>\n<meta property=\"og:description\" content=\"D\u00e9couvrez sur place nos 2 appartements t\u00e9moins Vous souhaitez rejoindre la r\u00e9sidence Scala et louer un bien ? Effectuez directement une demande en ligne et venez visiter nos appartements. Notre \u00e9quipe vous contactera rapidement pour planifier une visite ou finaliser votre dossier. demandez une visite d\u2019appartement GERAMA G\u00e9rance Gerama Immobilier FribourgPlace de la Gare 51700 [&hellip;]\" \/>\n<meta property=\"og:url\" content=\"https:\/\/scala.cydonia.swiss\/ch-de\/visiter-un-appartement\/\" \/>\n<meta property=\"og:site_name\" content=\"SCALA\" \/>\n<meta property=\"article:modified_time\" content=\"2026-04-13T08:15:28+00:00\" \/>\n<meta property=\"og:image\" content=\"https:\/\/scala.cydonia.swiss\/wp-content\/uploads\/2025\/11\/intro-home-1024x639.png\" \/>\n<meta name=\"twitter:card\" content=\"summary_large_image\" \/>\n<script type=\"application\/ld+json\" class=\"yoast-schema-graph\">{\"@context\":\"https:\/\/schema.org\",\"@graph\":[{\"@type\":\"WebPage\",\"@id\":\"https:\/\/scala.cydonia.swiss\/visiter-un-appartement\/\",\"url\":\"https:\/\/scala.cydonia.swiss\/visiter-un-appartement\/\",\"name\":\"Visiter un appartement - SCALA\",\"isPartOf\":{\"@id\":\"https:\/\/green-mink-490856.hostingersite.com\/#website\"},\"primaryImageOfPage\":{\"@id\":\"https:\/\/scala.cydonia.swiss\/visiter-un-appartement\/#primaryimage\"},\"image\":{\"@id\":\"https:\/\/scala.cydonia.swiss\/visiter-un-appartement\/#primaryimage\"},\"thumbnailUrl\":\"https:\/\/scala.cydonia.swiss\/wp-content\/uploads\/2025\/11\/intro-home-1024x639.png\",\"datePublished\":\"2025-11-25T10:58:55+00:00\",\"dateModified\":\"2026-04-13T08:15:28+00:00\",\"breadcrumb\":{\"@id\":\"https:\/\/scala.cydonia.swiss\/visiter-un-appartement\/#breadcrumb\"},\"inLanguage\":\"de\",\"potentialAction\":[{\"@type\":\"ReadAction\",\"target\":[\"https:\/\/scala.cydonia.swiss\/visiter-un-appartement\/\"]}]},{\"@type\":\"ImageObject\",\"inLanguage\":\"de\",\"@id\":\"https:\/\/scala.cydonia.swiss\/visiter-un-appartement\/#primaryimage\",\"url\":\"https:\/\/scala.cydonia.swiss\/wp-content\/uploads\/2025\/11\/intro-home-1024x639.png\",\"contentUrl\":\"https:\/\/scala.cydonia.swiss\/wp-content\/uploads\/2025\/11\/intro-home-1024x639.png\"},{\"@type\":\"BreadcrumbList\",\"@id\":\"https:\/\/scala.cydonia.swiss\/visiter-un-appartement\/#breadcrumb\",\"itemListElement\":[{\"@type\":\"ListItem\",\"position\":1,\"name\":\"Home\",\"item\":\"https:\/\/scala.cydonia.swiss\/\"},{\"@type\":\"ListItem\",\"position\":2,\"name\":\"Visiter un appartement\"}]},{\"@type\":\"WebSite\",\"@id\":\"https:\/\/green-mink-490856.hostingersite.com\/#website\",\"url\":\"https:\/\/green-mink-490856.hostingersite.com\/\",\"name\":\"SCALA\",\"description\":\"symbole architectural unique, en plein centre de Fribourg\",\"publisher\":{\"@id\":\"https:\/\/green-mink-490856.hostingersite.com\/#organization\"},\"potentialAction\":[{\"@type\":\"SearchAction\",\"target\":{\"@type\":\"EntryPoint\",\"urlTemplate\":\"https:\/\/green-mink-490856.hostingersite.com\/?s={search_term_string}\"},\"query-input\":{\"@type\":\"PropertyValueSpecification\",\"valueRequired\":true,\"valueName\":\"search_term_string\"}}],\"inLanguage\":\"de\"},{\"@type\":\"Organization\",\"@id\":\"https:\/\/green-mink-490856.hostingersite.com\/#organization\",\"name\":\"SCALA\",\"url\":\"https:\/\/green-mink-490856.hostingersite.com\/\",\"logo\":{\"@type\":\"ImageObject\",\"inLanguage\":\"de\",\"@id\":\"https:\/\/green-mink-490856.hostingersite.com\/#\/schema\/logo\/image\/\",\"url\":\"https:\/\/scala.cydonia.swiss\/wp-content\/uploads\/2025\/10\/logo-1.svg\",\"contentUrl\":\"https:\/\/scala.cydonia.swiss\/wp-content\/uploads\/2025\/10\/logo-1.svg\",\"width\":171,\"height\":41,\"caption\":\"SCALA\"},\"image\":{\"@id\":\"https:\/\/green-mink-490856.hostingersite.com\/#\/schema\/logo\/image\/\"}}]}<\/script>\n<!-- \/ Yoast SEO plugin. -->","yoast_head_json":{"title":"Visiter un appartement - SCALA","robots":{"index":"index","follow":"follow","max-snippet":"max-snippet:-1","max-image-preview":"max-image-preview:large","max-video-preview":"max-video-preview:-1"},"canonical":"https:\/\/scala.cydonia.swiss\/ch-de\/visiter-un-appartement\/","og_locale":"de_DE","og_type":"article","og_title":"Visiter un appartement - SCALA","og_description":"D\u00e9couvrez sur place nos 2 appartements t\u00e9moins Vous souhaitez rejoindre la r\u00e9sidence Scala et louer un bien ? Effectuez directement une demande en ligne et venez visiter nos appartements. Notre \u00e9quipe vous contactera rapidement pour planifier une visite ou finaliser votre dossier. demandez une visite d\u2019appartement GERAMA G\u00e9rance Gerama Immobilier FribourgPlace de la Gare 51700 [&hellip;]","og_url":"https:\/\/scala.cydonia.swiss\/ch-de\/visiter-un-appartement\/","og_site_name":"SCALA","article_modified_time":"2026-04-13T08:15:28+00:00","og_image":[{"url":"https:\/\/scala.cydonia.swiss\/wp-content\/uploads\/2025\/11\/intro-home-1024x639.png","type":"","width":"","height":""}],"twitter_card":"summary_large_image","schema":{"@context":"https:\/\/schema.org","@graph":[{"@type":"WebPage","@id":"https:\/\/scala.cydonia.swiss\/visiter-un-appartement\/","url":"https:\/\/scala.cydonia.swiss\/visiter-un-appartement\/","name":"Visiter un appartement - SCALA","isPartOf":{"@id":"https:\/\/green-mink-490856.hostingersite.com\/#website"},"primaryImageOfPage":{"@id":"https:\/\/scala.cydonia.swiss\/visiter-un-appartement\/#primaryimage"},"image":{"@id":"https:\/\/scala.cydonia.swiss\/visiter-un-appartement\/#primaryimage"},"thumbnailUrl":"https:\/\/scala.cydonia.swiss\/wp-content\/uploads\/2025\/11\/intro-home-1024x639.png","datePublished":"2025-11-25T10:58:55+00:00","dateModified":"2026-04-13T08:15:28+00:00","breadcrumb":{"@id":"https:\/\/scala.cydonia.swiss\/visiter-un-appartement\/#breadcrumb"},"inLanguage":"de","potentialAction":[{"@type":"ReadAction","target":["https:\/\/scala.cydonia.swiss\/visiter-un-appartement\/"]}]},{"@type":"ImageObject","inLanguage":"de","@id":"https:\/\/scala.cydonia.swiss\/visiter-un-appartement\/#primaryimage","url":"https:\/\/scala.cydonia.swiss\/wp-content\/uploads\/2025\/11\/intro-home-1024x639.png","contentUrl":"https:\/\/scala.cydonia.swiss\/wp-content\/uploads\/2025\/11\/intro-home-1024x639.png"},{"@type":"BreadcrumbList","@id":"https:\/\/scala.cydonia.swiss\/visiter-un-appartement\/#breadcrumb","itemListElement":[{"@type":"ListItem","position":1,"name":"Home","item":"https:\/\/scala.cydonia.swiss\/"},{"@type":"ListItem","position":2,"name":"Visiter un appartement"}]},{"@type":"WebSite","@id":"https:\/\/green-mink-490856.hostingersite.com\/#website","url":"https:\/\/green-mink-490856.hostingersite.com\/","name":"SCALA","description":"symbole architectural unique, en plein centre de Fribourg","publisher":{"@id":"https:\/\/green-mink-490856.hostingersite.com\/#organization"},"potentialAction":[{"@type":"SearchAction","target":{"@type":"EntryPoint","urlTemplate":"https:\/\/green-mink-490856.hostingersite.com\/?s={search_term_string}"},"query-input":{"@type":"PropertyValueSpecification","valueRequired":true,"valueName":"search_term_string"}}],"inLanguage":"de"},{"@type":"Organization","@id":"https:\/\/green-mink-490856.hostingersite.com\/#organization","name":"SCALA","url":"https:\/\/green-mink-490856.hostingersite.com\/","logo":{"@type":"ImageObject","inLanguage":"de","@id":"https:\/\/green-mink-490856.hostingersite.com\/#\/schema\/logo\/image\/","url":"https:\/\/scala.cydonia.swiss\/wp-content\/uploads\/2025\/10\/logo-1.svg","contentUrl":"https:\/\/scala.cydonia.swiss\/wp-content\/uploads\/2025\/10\/logo-1.svg","width":171,"height":41,"caption":"SCALA"},"image":{"@id":"https:\/\/green-mink-490856.hostingersite.com\/#\/schema\/logo\/image\/"}}]}},"acf":[],"_links":{"self":[{"href":"https:\/\/scala.cydonia.swiss\/ch-de\/wp-json\/wp\/v2\/pages\/1210","targetHints":{"allow":["GET"]}}],"collection":[{"href":"https:\/\/scala.cydonia.swiss\/ch-de\/wp-json\/wp\/v2\/pages"}],"about":[{"href":"https:\/\/scala.cydonia.swiss\/ch-de\/wp-json\/wp\/v2\/types\/page"}],"author":[{"embeddable":true,"href":"https:\/\/scala.cydonia.swiss\/ch-de\/wp-json\/wp\/v2\/users\/1"}],"replies":[{"embeddable":true,"href":"https:\/\/scala.cydonia.swiss\/ch-de\/wp-json\/wp\/v2\/comments?post=1210"}],"version-history":[{"count":190,"href":"https:\/\/scala.cydonia.swiss\/ch-de\/wp-json\/wp\/v2\/pages\/1210\/revisions"}],"predecessor-version":[{"id":4204,"href":"https:\/\/scala.cydonia.swiss\/ch-de\/wp-json\/wp\/v2\/pages\/1210\/revisions\/4204"}],"wp:attachment":[{"href":"https:\/\/scala.cydonia.swiss\/ch-de\/wp-json\/wp\/v2\/media?parent=1210"}],"curies":[{"name":"wp","href":"https:\/\/api.w.org\/{rel}","templated":true}]}}